{"id":62,"date":"2021-03-22T11:13:16","date_gmt":"2021-03-22T10:13:16","guid":{"rendered":"http:\/\/klo.zary.pl\/?page_id=62"},"modified":"2024-01-16T17:22:09","modified_gmt":"2024-01-16T16:22:09","slug":"kadra-pedagogiczna","status":"publish","type":"page","link":"https:\/\/klo.zary.pl\/index.php\/kadra-pedagogiczna\/","title":{"rendered":"Kadra pedagogiczna"},"content":{"rendered":"\n<p><strong>Kadra nauczycielska Katolickiego Liceum Og\u00f3lnokszta\u0142c\u0105cego w \u017barach<\/strong><\/p>\n\n\n\n<p>Augustyniak Miros\u0142aw \u2013 wicedyrektor, nauczyciel fizyki,<\/p>\n\n\n\n<p>Albinowska Adrianna \u2013 nauczyciel j\u0119zyka angielskiego<\/p>\n\n\n\n<p>Basi\u0144ska Dorota \u2013 nauczyciel muzyki<\/p>\n\n\n\n<p>Budzianowska Magdalena \u2013 nauczyciel j\u0119zyka angielskiego<\/p>\n\n\n\n<p>Burzy\u0144ska Izabela \u2013 nauczyciel j\u0119zyka niemieckiego<\/p>\n\n\n\n<p>Dawczyk Grzegorz \u2013 nauczyciel geografii<\/p>\n\n\n\n<p>Wies\u0142aw Rogowski \u2013 nauczyciel informatyki<\/p>\n\n\n\n<p>Ferdynus Pawe\u0142 \u2013 pedagog szkolny, doradca zawodowy, nauczyciel podstaw przedsi\u0119biorczo\u015bci<\/p>\n\n\n\n<p>Gierc Gabriela \u2013 nauczyciel matematyki<\/p>\n\n\n\n<p>Hetnar-Czepi\u0144ska Judyta \u2013 nauczyciel edukacji dla bezpiecze\u0144stwa, historii i spo\u0142ecze\u0144stwa<\/p>\n\n\n\n<p>J\u00f3zefiak Roman Maciej&nbsp; &#8211; nauczyciel historii, wiedzy o spo\u0142ecze\u0144stwie, filozofii<\/p>\n\n\n\n<p>Karpi\u0144ska Edyta \u2013 nauczyciel j\u0119zyka polskiego<\/p>\n\n\n\n<p>Kl\u00f3j Sylwia \u2013 nauczyciel chemii<\/p>\n\n\n\n<p>Kogut Dariusz \u2013 nauczyciel matematyki<\/p>\n\n\n\n<p>Kols Tomasz \u2013 nauczyciel wychowania fizycznego<\/p>\n\n\n\n<p>Bazylewska Anna \u2013 nauczyciel j\u0119zyka angielskiego<\/p>\n\n\n\n<p>Majewski Leszek \u2013 nauczyciel j\u0119zyka niemieckiego<\/p>\n\n\n\n<p>Ks. Napieralski Piotr \u2013 prefekt , nauczyciel religii<\/p>\n\n\n\n<p>Pokorska Izabela- nauczyciel j\u0119zyka niemieckiego<\/p>\n\n\n\n<p>Potocki Marcin \u2013 nauczyciel j\u0119zyka angielskiego<\/p>\n\n\n\n<p>Rogowski Wies\u0142aw \u2013 nauczyciel informatyki<\/p>\n\n\n\n<p>Rulewska Agnieszka \u2013 nauczyciel j\u0119zyka angielskiego<\/p>\n\n\n\n<p>\u015awi\u0105tek Kacper \u2013 nauczyciel informatyki<\/p>\n\n\n\n<p>Tracz Wioleta \u2013 nauczyciel j\u0119zyka polskiego<\/p>\n\n\n\n<p>Wanto\u0142a Beata \u2013 nauczyciel j\u0119zyka angielskiego&nbsp;<\/p>\n\n\n\n<p>Wrona-Dobek Adrianna \u2013 nauczyciel biologii<\/p>\n\n\n\n<p>Bartoszewicz Agata &#8211; nauczyciel biologii<\/p>\n\n\n\n<p>Grabowska Klaudia &#8211; nauczyciel j\u0119zyka niemieckiego<\/p>\n\n\n\n<p>Maciejak Katarzyna  &#8211; nauczyciel j\u0119zyka niemieckiego<\/p>\n\n\n\n<p>Talaga Micha\u0142 &#8211; nauczyciel j\u0119zyka angielskiego<\/p>\n\n\n\n<p>Witczak Marcin &#8211; nauczyciel historii, wiedzy o spo\u0142ecze\u0144stwie<\/p>\n","protected":false},"excerpt":{"rendered":"<p>Kadra nauczycielska Katolickiego Liceum Og\u00f3lnokszta\u0142c\u0105cego w \u017barach Augustyniak Miros\u0142aw \u2013 wicedyrektor, nauczyciel fizyki, Albinowska Adrianna \u2013 nauczyciel j\u0119zyka angielskiego Basi\u0144ska Dorota \u2013 nauczyciel muzyki Budzianowska<\/p>\n","protected":false},"author":1,"featured_media":0,"parent":0,"menu_order":0,"comment_status":"closed","ping_status":"closed","template":"","meta":{"footnotes":""},"class_list":["post-62","page","type-page","status-publish","hentry"],"_links":{"self":[{"href":"https:\/\/klo.zary.pl\/index.php\/wp-json\/wp\/v2\/pages\/62","targetHints":{"allow":["GET"]}}],"collection":[{"href":"https:\/\/klo.zary.pl\/index.php\/wp-json\/wp\/v2\/pages"}],"about":[{"href":"https:\/\/klo.zary.pl\/index.php\/wp-json\/wp\/v2\/types\/page"}],"author":[{"embeddable":true,"href":"https:\/\/klo.zary.pl\/index.php\/wp-json\/wp\/v2\/users\/1"}],"replies":[{"embeddable":true,"href":"https:\/\/klo.zary.pl\/index.php\/wp-json\/wp\/v2\/comments?post=62"}],"version-history":[{"count":4,"href":"https:\/\/klo.zary.pl\/index.php\/wp-json\/wp\/v2\/pages\/62\/revisions"}],"predecessor-version":[{"id":541,"href":"https:\/\/klo.zary.pl\/index.php\/wp-json\/wp\/v2\/pages\/62\/revisions\/541"}],"wp:attachment":[{"href":"https:\/\/klo.zary.pl\/index.php\/wp-json\/wp\/v2\/media?parent=62"}],"curies":[{"name":"wp","href":"https:\/\/api.w.org\/{rel}","templated":true}]}}