{"id":140,"date":"2021-03-30T15:28:03","date_gmt":"2021-03-30T13:28:03","guid":{"rendered":"https:\/\/klo.zary.pl\/?page_id=140"},"modified":"2026-04-15T21:39:48","modified_gmt":"2026-04-15T19:39:48","slug":"zasady-rekrutacji","status":"publish","type":"page","link":"https:\/\/klo.zary.pl\/index.php\/zasady-rekrutacji\/","title":{"rendered":"ZASADY REKRUTACJI"},"content":{"rendered":"\n<p><strong>ZASADY REKRUTACJI DO KLAS PIERWSZYCH SZKO\u0141Y PONADPODSTAWOWEJ NA &nbsp;ROK SZKOLNY &nbsp;2026\/2027<\/strong><\/p>\n\n\n\n<p><strong>Liczb\u0119 punkt\u00f3w mo\u017cliwych do uzyskania przez kandydata do klasy pierwszej Katolickiego Liceum Og\u00f3lnokszta\u0142c\u0105cego&nbsp; w procesie rekrutacji ustala si\u0119 na 200 (100 je\u017celi egzamin \u00f3smoklasisty si\u0119 nie odb\u0119dzie) w&nbsp;tym:<\/strong><\/p>\n\n\n\n<p><strong>Punkty za egzamin \u00f3smoklasisty \u2013 maksymalnie<\/strong> <strong>100 punkt\u00f3w<\/strong>.<\/p>\n\n\n\n<p>&nbsp; &nbsp;&nbsp;&nbsp;&nbsp;&nbsp;&nbsp;&nbsp;&nbsp;&nbsp;Liczb\u0119 punkt\u00f3w za wyniki egzaminu o\u015bmioklasisty ustala si\u0119 nast\u0119puj\u0105co:<\/p>\n\n\n\n<ul class=\"wp-block-list\">\n<li>wynik z j\u0119zyka polskiego\u00a0 &#8211; 100% x 0,35=35 pkt<\/li>\n\n\n\n<li>\u00a0wynik z matematyki\u00a0 &#8211; 100% x 0,35=35 pkt<\/li>\n\n\n\n<li>wynik z j\u0119zyka obcego nowo\u017cytnego\u00a0 &#8211; 100% x 0,30=30 pkt<\/li>\n<\/ul>\n\n\n\n<p><strong>Punkty za \u015bwiadectwo\u2013 maksymalnie<\/strong> <strong>100 punkt\u00f3w<\/strong>.<\/p>\n\n\n\n<p>&nbsp;&nbsp; Liczb\u0119 punkt\u00f3w ustala si\u0119 nast\u0119puj\u0105co:<\/p>\n\n\n\n<ul class=\"wp-block-list\">\n<li>za ocen\u0119 z j\u0119zyka polskiego \u2013 <strong>maksymalnie<\/strong> <strong>18 punkt\u00f3w<\/strong>:<\/li>\n<\/ul>\n\n\n\n<p>\u00a0\u00a0\u00a0\u00a0\u00a0\u00a0\u00a0\u00a0\u00a0\u00a0\u00a0\u00a0\u00a0\u00a0\u00a0\u00a0\u00a0\u00a0\u00a0                          celuj\u0105cy \u2013 18 punkt\u00f3w,<\/p>\n\n\n\n<p>&nbsp;&nbsp;&nbsp;&nbsp;&nbsp;&nbsp;&nbsp;&nbsp;&nbsp;&nbsp;&nbsp;&nbsp;&nbsp;&nbsp;&nbsp;&nbsp;&nbsp;&nbsp;&nbsp;&nbsp; &nbsp;&nbsp;&nbsp;&nbsp;&nbsp;&nbsp;&nbsp;&nbsp;&nbsp;&nbsp;&nbsp;&nbsp;&nbsp;&nbsp;&nbsp;&nbsp;&nbsp;&nbsp;&nbsp; &nbsp;&nbsp;&nbsp;&nbsp;bardzo dobry \u2013 17 punkt\u00f3w,<\/p>\n\n\n\n<p>&nbsp;&nbsp;&nbsp;&nbsp;&nbsp;&nbsp;&nbsp;&nbsp;&nbsp;&nbsp;&nbsp;&nbsp;&nbsp;&nbsp;&nbsp;&nbsp;&nbsp;&nbsp;&nbsp;&nbsp; &nbsp;&nbsp;&nbsp;&nbsp;&nbsp;&nbsp;&nbsp;&nbsp;&nbsp;&nbsp;&nbsp;&nbsp;&nbsp;&nbsp;&nbsp;&nbsp;&nbsp;&nbsp;&nbsp;&nbsp;&nbsp;&nbsp;&nbsp;&nbsp;dobry \u2013 14 punkt\u00f3w,<\/p>\n\n\n\n<p>&nbsp;&nbsp;&nbsp;&nbsp;&nbsp;&nbsp;&nbsp;&nbsp;&nbsp;&nbsp;&nbsp;&nbsp;&nbsp;&nbsp;&nbsp;&nbsp;&nbsp;&nbsp;&nbsp;&nbsp; &nbsp;&nbsp;&nbsp;&nbsp;&nbsp;&nbsp;&nbsp;&nbsp;&nbsp;&nbsp;&nbsp;&nbsp;&nbsp;&nbsp;&nbsp;&nbsp;&nbsp;&nbsp;&nbsp;&nbsp;&nbsp;&nbsp;&nbsp;&nbsp;dostateczny \u2013 8 punkt\u00f3w,<\/p>\n\n\n\n<p>&nbsp;&nbsp;&nbsp;&nbsp;&nbsp;&nbsp;&nbsp;&nbsp; &nbsp;&nbsp;&nbsp;&nbsp;&nbsp;&nbsp;&nbsp;&nbsp;&nbsp;&nbsp;&nbsp;&nbsp;&nbsp;&nbsp;&nbsp;&nbsp;&nbsp;&nbsp;&nbsp;&nbsp;&nbsp;&nbsp;&nbsp;&nbsp;&nbsp;&nbsp;&nbsp;&nbsp;&nbsp;&nbsp;&nbsp; &nbsp;&nbsp;&nbsp;&nbsp;dopuszczaj\u0105cy \u2013 2 punkty;<\/p>\n\n\n\n<ul class=\"wp-block-list\">\n<li>za ocen\u0119 z matematyki \u2013 <strong>maksymalnie<\/strong> <strong>18 punkt\u00f3w<\/strong> :<\/li>\n<\/ul>\n\n\n\n<p>\u00a0\u00a0\u00a0\u00a0\u00a0\u00a0\u00a0\u00a0 \u00a0\u00a0\u00a0\u00a0\u00a0\u00a0\u00a0\u00a0\u00a0                        \u00a0\u00a0celuj\u0105cy \u2013 18 punkt\u00f3w,<\/p>\n\n\n\n<p>&nbsp;&nbsp;&nbsp;&nbsp;&nbsp;&nbsp;&nbsp;&nbsp;&nbsp;&nbsp;&nbsp;&nbsp;&nbsp;&nbsp;&nbsp;&nbsp;&nbsp;&nbsp;&nbsp;&nbsp;&nbsp; &nbsp;&nbsp;&nbsp;&nbsp;&nbsp;&nbsp;&nbsp;&nbsp;&nbsp;&nbsp;&nbsp;&nbsp;&nbsp;&nbsp;&nbsp;&nbsp;&nbsp;&nbsp; &nbsp;&nbsp;&nbsp;&nbsp;bardzo dobry \u2013 17 punkt\u00f3w,<\/p>\n\n\n\n<p>&nbsp;&nbsp;&nbsp;&nbsp;&nbsp;&nbsp;&nbsp;&nbsp;&nbsp;&nbsp;&nbsp;&nbsp;&nbsp;&nbsp;&nbsp;&nbsp;&nbsp;&nbsp;&nbsp;&nbsp;&nbsp;&nbsp;&nbsp;&nbsp;&nbsp;&nbsp;&nbsp;&nbsp;&nbsp;&nbsp;&nbsp;&nbsp;&nbsp;&nbsp;&nbsp;&nbsp;&nbsp;&nbsp;&nbsp;&nbsp;&nbsp;&nbsp;&nbsp;&nbsp; dobry \u2013 14 punkt\u00f3w,<\/p>\n\n\n\n<p>&nbsp;&nbsp;&nbsp;&nbsp;&nbsp;&nbsp;&nbsp;&nbsp;&nbsp;&nbsp;&nbsp;&nbsp;&nbsp;&nbsp;&nbsp;&nbsp;&nbsp;&nbsp;&nbsp;&nbsp;&nbsp;&nbsp;&nbsp;&nbsp;&nbsp;&nbsp;&nbsp;&nbsp;&nbsp;&nbsp;&nbsp;&nbsp;&nbsp;&nbsp;&nbsp;&nbsp;&nbsp;&nbsp;&nbsp;&nbsp;&nbsp;&nbsp;&nbsp;&nbsp; dostateczny \u2013 8 punkt\u00f3w,<\/p>\n\n\n\n<p>&nbsp;&nbsp;&nbsp;&nbsp;&nbsp;&nbsp;&nbsp;&nbsp; &nbsp;&nbsp;&nbsp;&nbsp;&nbsp;&nbsp;&nbsp;&nbsp;&nbsp;&nbsp;&nbsp;&nbsp;&nbsp;&nbsp;&nbsp;&nbsp;&nbsp;&nbsp;&nbsp;&nbsp;&nbsp;&nbsp;&nbsp;&nbsp;&nbsp;&nbsp;&nbsp;&nbsp;&nbsp;&nbsp;&nbsp; &nbsp;&nbsp;&nbsp;&nbsp;dopuszczaj\u0105cy \u2013 2 punkty;<\/p>\n\n\n\n<ul class=\"wp-block-list\">\n<li>biologii i historii \u2013 <strong>maksymalnie 36\u00a0punkt\u00f3w<\/strong> (po\u00a018\u00a0punkt\u00f3w za ka\u017cde zaj\u0119cia edukacyjne):<\/li>\n<\/ul>\n\n\n\n<p>\u00a0\u00a0\u00a0\u00a0\u00a0\u00a0\u00a0\u00a0\u00a0\u00a0\u00a0\u00a0\u00a0\u00a0 \u00a0\u00a0\u00a0                          \u00a0celuj\u0105cy \u2013 18 punkt\u00f3w,<\/p>\n\n\n\n<p>&nbsp;&nbsp;&nbsp;&nbsp;&nbsp;&nbsp;&nbsp;&nbsp;&nbsp;&nbsp;&nbsp;&nbsp;&nbsp;&nbsp;&nbsp;&nbsp;&nbsp;&nbsp;&nbsp;&nbsp;&nbsp; &nbsp;&nbsp;&nbsp;&nbsp;&nbsp;&nbsp;&nbsp;&nbsp;&nbsp;&nbsp;&nbsp;&nbsp;&nbsp;&nbsp;&nbsp;&nbsp;&nbsp;&nbsp; &nbsp;&nbsp;&nbsp;&nbsp;bardzo dobry \u2013 17 punkt\u00f3w,<\/p>\n\n\n\n<p>&nbsp;&nbsp;&nbsp;&nbsp;&nbsp;&nbsp;&nbsp;&nbsp;&nbsp;&nbsp;&nbsp;&nbsp;&nbsp;&nbsp;&nbsp;&nbsp;&nbsp;&nbsp;&nbsp;&nbsp;&nbsp;&nbsp;&nbsp;&nbsp;&nbsp;&nbsp;&nbsp;&nbsp;&nbsp;&nbsp;&nbsp;&nbsp;&nbsp;&nbsp;&nbsp;&nbsp;&nbsp;&nbsp;&nbsp;&nbsp;&nbsp;&nbsp;&nbsp;&nbsp; dobry \u2013 14 punkt\u00f3w,<\/p>\n\n\n\n<p>&nbsp;&nbsp;&nbsp;&nbsp;&nbsp;&nbsp;&nbsp;&nbsp;&nbsp;&nbsp;&nbsp;&nbsp;&nbsp;&nbsp;&nbsp;&nbsp;&nbsp;&nbsp;&nbsp;&nbsp;&nbsp;&nbsp;&nbsp; &nbsp;&nbsp;&nbsp;&nbsp;&nbsp;&nbsp;&nbsp;&nbsp;&nbsp;&nbsp;&nbsp;&nbsp;&nbsp;&nbsp;&nbsp;&nbsp;&nbsp;&nbsp;&nbsp;&nbsp;&nbsp;dostateczny \u2013 8 punkt\u00f3w,<\/p>\n\n\n\n<p>&nbsp;&nbsp;&nbsp;&nbsp;&nbsp;&nbsp;&nbsp;&nbsp; &nbsp;&nbsp;&nbsp;&nbsp;&nbsp;&nbsp;&nbsp;&nbsp;&nbsp;&nbsp;&nbsp;&nbsp;&nbsp;&nbsp;&nbsp;&nbsp;&nbsp;&nbsp;&nbsp;&nbsp;&nbsp;&nbsp;&nbsp;&nbsp;&nbsp;&nbsp;&nbsp;&nbsp;&nbsp;&nbsp;&nbsp; &nbsp;&nbsp;&nbsp;&nbsp;dopuszczaj\u0105cy \u2013 2 punkty;<\/p>\n\n\n\n<ul class=\"wp-block-list\">\n<li>za osi\u0105gni\u0119cia kandydata, w tym za szczeg\u00f3lne osi\u0105gni\u0119cia kandydata wymienione<br>na \u015bwiadectwie uko\u0144czenia szko\u0142y\u2013 <strong>maksymalnie 28\u00a0punkt\u00f3w<\/strong>, w tym:<\/li>\n\n\n\n<li>za uko\u0144czenie szko\u0142y podstawowej z wyr\u00f3\u017cnieniem: 7 punkt\u00f3w,<\/li>\n\n\n\n<li>\u00a0maksymalnie 21 punkt\u00f3w:<\/li>\n<\/ul>\n\n\n\n<p>&nbsp;&nbsp;&nbsp;&nbsp;&nbsp;&nbsp;&nbsp;&nbsp;&nbsp;&nbsp;&nbsp;&nbsp;&nbsp;&nbsp;&nbsp;&nbsp;&nbsp;&nbsp;&nbsp; &nbsp;&nbsp;&nbsp;&nbsp;&nbsp;&nbsp;&nbsp;&nbsp;&#8211; za wolontariat, w kt\u00f3rym ucze\u0144 uczestniczy systematycznie przez okres<br>&nbsp;&nbsp;&nbsp;&nbsp;&nbsp;&nbsp;&nbsp;&nbsp;&nbsp;&nbsp;&nbsp;&nbsp;&nbsp;&nbsp;&nbsp;&nbsp;&nbsp;&nbsp;&nbsp;&nbsp;&nbsp;&nbsp; &nbsp;&nbsp;&nbsp;&nbsp;&nbsp;&nbsp;&nbsp;&nbsp;co najmniej jednego roku szkolnego \u20133 punkty,<\/p>\n\n\n\n<p>&#8211; za osi\u0105gni\u0119cia edukacyjne ( inne ni\u017c&nbsp; konkursy przedmiotowe organizowane &nbsp;przez KuratoraO\u015bwiaty<strong>) <\/strong>sportowe lub artystyczne na szczeblu wojew\u00f3dzkim&nbsp;&nbsp;&nbsp;&nbsp;&nbsp;&nbsp;&nbsp;&nbsp;&nbsp;&nbsp;&nbsp;&nbsp;&nbsp; &nbsp;(po 5 punkt\u00f3w za ka\u017cde osi\u0105gni\u0119cie) &#8211;&nbsp; maksymalnie 10 punkt\u00f3w<\/p>\n\n\n\n<p>&#8211; za osi\u0105gni\u0119cia sportowe lub artystyczne na szczeblu powiatowym (po 4 punkty za ka\u017cde osi\u0105gni\u0119cie) &#8211;\u00a0 maksymalnie 8 punkt\u00f3w.<\/p>\n\n\n\n<ol class=\"wp-block-list\">\n<li><strong>Laureaci i finali\u015bci konkurs\u00f3w przedmiotowych organizowanych przez Kuratora O\u015bwiaty przyjmowani s\u0105 do szko\u0142y poza kolejno\u015bci\u0105.<\/strong><\/li>\n\n\n\n<li><strong>O kolejno\u015bci na li\u015bcie kandydat\u00f3w do szko\u0142y decyduje suma uzyskanych punkt\u00f3w przez kandydata\u00a0 w wyniku post\u0119powania rekrutacyjnego. W przypadku jednakowej liczby punkt\u00f3w pierwsze\u0144stwo maj\u0105 uczniowie Katolickiej Szko\u0142y Podstawowej.<\/strong><\/li>\n<\/ol>\n\n\n\n<figure class=\"wp-block-table\"><table><tbody><tr><td><strong>\u00a0\u00a0\u00a0\u00a0\u00a0\u00a0\u00a0\u00a0\u00a0 \u00a0\u00a0\u00a0<\/strong> <strong>\u00a0\u00a0\u00a0\u00a0\u00a0\u00a0\u00a0\u00a0\u00a0\u00a0\u00a0\u00a0\u00a0\u00a0\u00a0\u00a0\u00a0\u00a0\u00a0\u00a0\u00a0\u00a0\u00a0\u00a0\u00a0\u00a0\u00a0\u00a0\u00a0\u00a0\u00a0\u00a0\u00a0\u00a0\u00a0\u00a0\u00a0\u00a0\u00a0\u00a0\u00a0\u00a0 TERMINY<\/strong><br><br><br>1. Sk\u0142adanie poda\u0144 o nauk\u0119 od <strong><u>11 maja 2026r.<\/u><\/strong> do <strong>26 czerwca 2026r.<\/strong> (formularz podania \u00a0na stronie \u00a0\u00a0\u00a0<a href=\"http:\/\/www.klo.zary.pl\"><strong>www.klo.zary.pl<\/strong><\/a>)\u00a0 i wp\u0142acanie wpisowego 800 z\u0142 na konto:<br>\u00a0<br>Katolickie Liceum Og\u00f3lnokszta\u0142c\u0105ce<br>ul. O. R. Kalinowskiego 15<br>68 &#8211; 200 \u017bary<br>Nr konta bankowego:\u00a0 48 1090 2561 0000 0001 0424 8383<br>\u00a0<br>Wpisowe \u00a0podlega zwrotowi tylko w przypadku nieprzyj\u0119cia kandydata do szko\u0142y z powodu braku miejsc.<br>\u00a0W innych przypadkach \u00a0nie podlega ono zwrotowi.<br><br>2. Dostarczenie do sekretariatu KLO <strong><u>orygina\u0142u \u015bwiadectwa<\/u><\/strong> uko\u0144czenia szko\u0142y podstawowej<br><strong><u>od 26 czerwca do 30 czerwca 2026r. do godz.14:00<\/u><\/strong><br>\u00a0<br>3. Dostarczenie poczt\u0105 elektroniczn\u0105 na adres<strong> : zarykatolik@gmail.com<\/strong> wydruku z platformy SIOEO (ZIU) wyniku egzaminu \u00f3smoklasisty od \u00a0\u00a0<strong><u>3 lipca do 6 lipca 2026r. do godz.14:00<\/u><\/strong><br><br>4. Og\u0142oszenie listy kandydat\u00f3w przyj\u0119tych <strong>\u2013 <u>7 lipca 2026r. <\/u><\/strong>o godz. <strong>12:00<\/strong>.<br>\u00a0Informacj\u0119 o przyj\u0119ciu ucznia do szko\u0142y\u00a0 mo\u017cna uzyska\u0107 telefonicznie w dniach <strong>7,8 lipca w godz. 10:00- 14:00<\/strong>\u00a0<br>\u00a0<br>5. <strong>\u00a0<u>Potwierdzenie woli przyj\u0119cia<\/u> w postaci przed\u0142o\u017cenia orygina\u0142u \u015bwiadectwa uko\u0144czenia szko\u0142y i orygina\u0142u za\u015bwiadczenia o wynikach egzaminu zewn\u0119trznego, o ile nie zosta\u0142y one z\u0142o\u017cone w uzupe\u0142nieniu wniosku o przyj\u0119cie do szko\u0142y ponadpodstawowe\u00a0 <u>od 7 lipca godz.12.00 do 9 lipca 2025 r. do godz.14:00<\/u><\/strong><br>\u00a0W przypadku braku mo\u017cliwo\u015bci z\u0142o\u017cenia za\u015bwiadczenia osobi\u015bcie mo\u017cna zeskanowane za\u015bwiadczenie przes\u0142a\u0107 drog\u0105 elektroniczn\u0105 na adres<strong> : zarykatolik@gmail.com<\/strong><br><br><br>Dodatkowych informacji udziela sekretariat i dyrekcja szko\u0142y \u2013 nr telefonu <strong>690\u00a0479 651 \u00a0<\/strong><\/td><\/tr><\/tbody><\/table><\/figure>\n","protected":false},"excerpt":{"rendered":"<p>ZASADY REKRUTACJI DO KLAS PIERWSZYCH SZKO\u0141Y PONADPODSTAWOWEJ NA &nbsp;ROK SZKOLNY &nbsp;2026\/2027 Liczb\u0119 punkt\u00f3w mo\u017cliwych do uzyskania przez kandydata do klasy pierwszej Katolickiego Liceum Og\u00f3lnokszta\u0142c\u0105cego&nbsp; w<\/p>\n","protected":false},"author":2,"featured_media":0,"parent":0,"menu_order":0,"comment_status":"closed","ping_status":"closed","template":"","meta":{"footnotes":""},"class_list":["post-140","page","type-page","status-publish","hentry"],"_links":{"self":[{"href":"https:\/\/klo.zary.pl\/index.php\/wp-json\/wp\/v2\/pages\/140","targetHints":{"allow":["GET"]}}],"collection":[{"href":"https:\/\/klo.zary.pl\/index.php\/wp-json\/wp\/v2\/pages"}],"about":[{"href":"https:\/\/klo.zary.pl\/index.php\/wp-json\/wp\/v2\/types\/page"}],"author":[{"embeddable":true,"href":"https:\/\/klo.zary.pl\/index.php\/wp-json\/wp\/v2\/users\/2"}],"replies":[{"embeddable":true,"href":"https:\/\/klo.zary.pl\/index.php\/wp-json\/wp\/v2\/comments?post=140"}],"version-history":[{"count":13,"href":"https:\/\/klo.zary.pl\/index.php\/wp-json\/wp\/v2\/pages\/140\/revisions"}],"predecessor-version":[{"id":580,"href":"https:\/\/klo.zary.pl\/index.php\/wp-json\/wp\/v2\/pages\/140\/revisions\/580"}],"wp:attachment":[{"href":"https:\/\/klo.zary.pl\/index.php\/wp-json\/wp\/v2\/media?parent=140"}],"curies":[{"name":"wp","href":"https:\/\/api.w.org\/{rel}","templated":true}]}}